{"id":70,"date":"2021-02-18T19:45:09","date_gmt":"2021-02-18T19:45:09","guid":{"rendered":"http:\/\/localhost\/testsite\/?page_id=70"},"modified":"2024-06-06T09:22:45","modified_gmt":"2024-06-06T06:22:45","slug":"home-2","status":"publish","type":"page","link":"https:\/\/tgssoftware.ro\/","title":{"rendered":"Acasa"},"content":{"rendered":"\n<figure class=\"wp-block-gallery has-nested-images columns-default is-cropped wp-block-gallery-1 is-layout-flex wp-block-gallery-is-layout-flex\">\n<figure class=\"wp-block-image size-large\"><img loading=\"lazy\" decoding=\"async\" width=\"1024\" height=\"128\" data-id=\"235\" src=\"https:\/\/tgssoftware.ro\/wp-content\/uploads\/2021\/03\/banner-2-1024x128.png\" alt=\"\" class=\"wp-image-235\" srcset=\"https:\/\/tgssoftware.ro\/wp-content\/uploads\/2021\/03\/banner-2-1024x128.png 1024w, https:\/\/tgssoftware.ro\/wp-content\/uploads\/2021\/03\/banner-2-300x38.png 300w, https:\/\/tgssoftware.ro\/wp-content\/uploads\/2021\/03\/banner-2-768x96.png 768w, https:\/\/tgssoftware.ro\/wp-content\/uploads\/2021\/03\/banner-2-1536x192.png 1536w, https:\/\/tgssoftware.ro\/wp-content\/uploads\/2021\/03\/banner-2.png 1600w\" sizes=\"auto, (max-width: 1024px) 100vw, 1024px\" \/><\/figure>\n<\/figure>\n\n\n\n<h2 class=\"wp-block-heading\"><strong><strong>COOPID \u2013 Sistem Cooperativ de Management al Identit\u0103\u021bii Digitale&nbsp;\u2013 proiect finan\u021bat prin&nbsp;Programul Opera\u021bional Competitivitate 2014-2020<\/strong><\/strong><\/h2>\n\n\n\n<hr class=\"wp-block-separator has-css-opacity\"\/>\n\n\n\n<p><strong>TGS SOFTWARE SRL<\/strong>&nbsp;\u00een parteneriat cu&nbsp;<strong>Ingenios SRL<\/strong>, a derulat \u00eencep\u00e2nd cu 28.06.2017, pentru o perioad\u0103 de 24 de luni, proiectul cu titlul&nbsp;<strong>\u201c<\/strong><strong>COOPID \u2013 Sistem Cooperativ de Management al Identit\u0103\u021bii digitale\u201d<\/strong>, finan\u021bat prin&nbsp;<strong>Programul Opera\u021bional Competitivitate 2014-2020<\/strong>, Axa prioritar\u0103 2 \u2013 Tehnologia Informa\u021biei \u0219i Comunica\u021biilor (TIC) pentru o economie digital\u0103 competitiv\u0103, Ac\u021biunea 2.2.1 \u2013 Sprijinirea cre\u0219terii valorii ad\u0103ugate generate de sectorul TIC \u0219i a inov\u0103rii \u00een domeniu prin dezvoltarea de clustere. Valoarea total\u0103 a proiectului a fost de 4.825.730,48 lei, valoarea eligibil\u0103 nerambursabil\u0103 fiind de 3.674.729,50 lei, din care 2.939.783,60 lei din FEDR \u0219i 734.945,90 lei din bugetul na\u021bional.<\/p>\n\n\n\n<p><strong>&nbsp;&nbsp;&nbsp;&nbsp;&nbsp;&nbsp;&nbsp;&nbsp;&nbsp;&nbsp;CoopId<\/strong>&nbsp;a avut ca&nbsp;<strong>scop<\/strong>&nbsp;crearea unui&nbsp;<strong>sistem colaborativ \u00eentre b\u0103nci, comercian\u021bi \u0219i autorit\u0103\u021bile publice<\/strong>, care s\u0103 ofere servicii noi utilizatorilor individuali (fie din postura de clien\u021bi ai magazinelor online, fie din postura de contribuabili la bugetele de stat \u0219i locale) \u0219i simplificarea acces\u0103rii platformelor online.<\/p>\n\n\n\n<p>Proiectul propus a r\u0103spuns obiectivului general al Programului Opera\u021bional Competitivitate, care urm\u0103re\u0219te s\u0103 contribuie la realizarea obiectivului global al Acordului de Parteneriat prin sus\u021binerea CDI \u0219i TIC pentru competitivitate \u0219i dezvoltare. Astfel, prin realizarea activit\u0103\u021bilor inovative propuse \u00een cadrul proiectului, TGS Software nu numai c\u0103 \u0219i-a \u00eembun\u0103t\u0103\u021bit capacit\u0103\u021bile de cercetare \u2013 dezvoltare \u0219i inovare, dar \u0219i-a m\u0103rit portofoliul de produse inovative bazate pe TIC, ceea ce a condus la o cre\u0219tere a productivit\u0103\u021bii companiei pe termen mediu \u0219i lung.<\/p>\n\n\n\n<p><em>Proiect cofinan\u021bat din Fondul European de Dezvoltare Regional\u0103 prin Programul Opera\u021bional Competitivitate.<\/em><\/p>\n\n\n\n<p><em>Con\u021binutul acestui material nu reprezint\u0103 \u00een mod obligatoriu pozi\u021bia oficial\u0103 a Uniunii Europene sau a Guvernului Rom\u00e2niei.<\/em><\/p>\n\n\n\n<p><a href=\"http:\/\/www.fonduri-ue.ro\/\"><em>Pentru informa\u021bii detaliate despre celelalte programe cofinan\u021bate de Uniunea European\u0103, v\u0103 invit\u0103m s\u0103 vizita\u021bi www.fonduri-ue.ro<\/em><\/a><\/p>\n","protected":false},"excerpt":{"rendered":"<p>COOPID \u2013 Sistem Cooperativ de Management al Identit\u0103\u021bii Digitale&nbsp;\u2013 proiect finan\u021bat prin&nbsp;Programul Opera\u021bional Competitivitate 2014-2020 TGS SOFTWARE SRL&nbsp;\u00een parteneriat cu&nbsp;Ingenios SRL, a derulat \u00eencep\u00e2nd cu 28.06.2017, pentru o perioad\u0103 de 24 de luni, proiectul cu titlul&nbsp;\u201cCOOPID \u2013 Sistem Cooperativ de Management al Identit\u0103\u021bii digitale\u201d, finan\u021bat prin&nbsp;Programul Opera\u021bional Competitivitate 2014-2020, Axa prioritar\u0103 2 \u2013 Tehnologia Informa\u021biei \u0219i Comunica\u021biilor (TIC) pentru o [&hellip;]<\/p>\n","protected":false},"author":2,"featured_media":0,"parent":0,"menu_order":0,"comment_status":"closed","ping_status":"closed","template":"","meta":{"footnotes":""},"class_list":["post-70","page","type-page","status-publish","hentry"],"_links":{"self":[{"href":"https:\/\/tgssoftware.ro\/index.php\/wp-json\/wp\/v2\/pages\/70","targetHints":{"allow":["GET"]}}],"collection":[{"href":"https:\/\/tgssoftware.ro\/index.php\/wp-json\/wp\/v2\/pages"}],"about":[{"href":"https:\/\/tgssoftware.ro\/index.php\/wp-json\/wp\/v2\/types\/page"}],"author":[{"embeddable":true,"href":"https:\/\/tgssoftware.ro\/index.php\/wp-json\/wp\/v2\/users\/2"}],"replies":[{"embeddable":true,"href":"https:\/\/tgssoftware.ro\/index.php\/wp-json\/wp\/v2\/comments?post=70"}],"version-history":[{"count":8,"href":"https:\/\/tgssoftware.ro\/index.php\/wp-json\/wp\/v2\/pages\/70\/revisions"}],"predecessor-version":[{"id":514,"href":"https:\/\/tgssoftware.ro\/index.php\/wp-json\/wp\/v2\/pages\/70\/revisions\/514"}],"wp:attachment":[{"href":"https:\/\/tgssoftware.ro\/index.php\/wp-json\/wp\/v2\/media?parent=70"}],"curies":[{"name":"wp","href":"https:\/\/api.w.org\/{rel}","templated":true}]}}