{"id":498,"date":"2022-05-10T15:31:43","date_gmt":"2022-05-10T12:31:43","guid":{"rendered":"https:\/\/tgssoftware.ro\/?page_id=498"},"modified":"2022-05-10T18:31:48","modified_gmt":"2022-05-10T15:31:48","slug":"cariere","status":"publish","type":"page","link":"https:\/\/tgssoftware.ro\/index.php\/cariere\/","title":{"rendered":"Cariere"},"content":{"rendered":"\n<p>De peste 10 ani TGS Software este o companie specializata in dezvoltarea de aplicatii software si in furnizarea de servicii IT.<br>In cadrul acesteia se regasesc specialisti cu o larga experienta, plini de entuziasm.<\/p>\n\n\n\n<p>Suntem intotdeauna bucurosi cand ni se alatura oameni cu experienta, indiferent de domeniu,<br>deoarece apreciem aportul de valoare, expertiza \u0219i perspectivele noi.<\/p>\n\n\n\n<p>Cautam tineri ambitiosi. Cautam oameni pasionati. Ne plac \u0219i sus\u021binem permanent oamenii cu viziune, care ne inspir\u0103 prin dedicarea lor.<br>Ne plac \u0219i mai mult cei care nu renun\u021b\u0103 si care contribuie la dezvoltarea noastra ca echipa.<\/p>\n\n\n\n<p>E posibil sa considerati ca aveti o carier\u0103 excelent\u0103 \u00een momentul de fa\u021b\u0103. Este foarte probabil s\u0103 fie a\u0219a.<br>\u00cens\u0103, dac\u0103 sim\u021bi\u021bi c\u0103 doriti s\u0103 \u00eencepe\u021bi ceva nou, s\u0103 v\u0103 dezvolta\u021bi \u0219i mai mult abilit\u0103\u021bile profesionale,<br>atunci locul vostru e aici.<\/p>\n\n\n\n<h2 class=\"wp-block-heading\">Pentru a ne contacta poti completea formularul de mai jos.<\/h2>\n\n\n\n<div class=\"forminator-guttenberg\"><div class=\"forminator-ui forminator-custom-form forminator-custom-form-497 forminator-design--default  forminator_ajax\" data-forminator-render=\"0\" data-form=\"forminator-module-497\" data-uid=\"69f0b9548e5bb\"><br\/><\/div><form\n\t\t\t\tid=\"forminator-module-497\"\n\t\t\t\tclass=\"forminator-ui forminator-custom-form forminator-custom-form-497 forminator-design--default  forminator_ajax\"\n\t\t\t\tmethod=\"post\"\n\t\t\t\tdata-forminator-render=\"0\"\n\t\t\t\tdata-form-id=\"497\"\n\t\t\t\tenctype=\"multipart\/form-data\" data-color-option=\"default\" data-design=\"default\" data-grid=\"open\" style=\"display: none;\"\n\t\t\t\tdata-uid=\"69f0b9548e5bb\"\n\t\t\t><div role=\"alert\" aria-live=\"polite\" class=\"forminator-response-message forminator-error\" aria-hidden=\"true\"><\/div><div class=\"forminator-row\"><div id=\"name-1\" class=\"forminator-field-name forminator-col forminator-col-6 \"><div class=\"forminator-field\"><label for=\"forminator-field-name-1_69f0b9548e5bb\" id=\"forminator-field-name-1_69f0b9548e5bb-label\" class=\"forminator-label\">Nume <span class=\"forminator-required\">*<\/span><\/label><input type=\"text\" name=\"name-1\" value=\"\" placeholder=\"\" id=\"forminator-field-name-1_69f0b9548e5bb\" class=\"forminator-input forminator-name--field\" aria-required=\"true\" autocomplete=\"name\" \/><\/div><\/div><div id=\"name-2\" class=\"forminator-field-name forminator-col forminator-col-6 \"><div class=\"forminator-field\"><label for=\"forminator-field-name-2_69f0b9548e5bb\" id=\"forminator-field-name-2_69f0b9548e5bb-label\" class=\"forminator-label\">Prenume <span class=\"forminator-required\">*<\/span><\/label><input type=\"text\" name=\"name-2\" value=\"\" placeholder=\"\" id=\"forminator-field-name-2_69f0b9548e5bb\" class=\"forminator-input forminator-name--field\" aria-required=\"true\" autocomplete=\"name\" \/><\/div><\/div><\/div><div class=\"forminator-row\"><div id=\"email-1\" class=\"forminator-field-email forminator-col forminator-col-12 \"><div class=\"forminator-field\"><label for=\"forminator-field-email-1_69f0b9548e5bb\" id=\"forminator-field-email-1_69f0b9548e5bb-label\" class=\"forminator-label\">Adresa de email <span class=\"forminator-required\">*<\/span><\/label><input type=\"email\" name=\"email-1\" value=\"\" placeholder=\"\" id=\"forminator-field-email-1_69f0b9548e5bb\" class=\"forminator-input forminator-email--field\" data-required=\"true\" aria-required=\"true\" autocomplete=\"email\" \/><\/div><\/div><\/div><div class=\"forminator-row\"><div id=\"phone-1\" class=\"forminator-field-phone forminator-col forminator-col-12 \"><div class=\"forminator-field\"><label for=\"forminator-field-phone-1_69f0b9548e5bb\" id=\"forminator-field-phone-1_69f0b9548e5bb-label\" class=\"forminator-label\">Numar de telefon <span class=\"forminator-required\">*<\/span><\/label><input type=\"text\" name=\"phone-1\" value=\"\" placeholder=\"\" id=\"forminator-field-phone-1_69f0b9548e5bb\" class=\"forminator-input forminator-field--phone\" data-required=\"1\" aria-required=\"true\" autocomplete=\"off\" \/><\/div><\/div><\/div><div class=\"forminator-row\"><div id=\"textarea-1\" class=\"forminator-field-textarea forminator-col forminator-col-12 \"><div class=\"forminator-field\"><label for=\"forminator-field-textarea-1_69f0b9548e5bb\" id=\"forminator-field-textarea-1_69f0b9548e5bb-label\" class=\"forminator-label\">Ce cunostinte ai in domeniul IT\/Software Development?<\/label><textarea name=\"textarea-1\" placeholder=\"\" id=\"forminator-field-textarea-1_69f0b9548e5bb\" class=\"forminator-textarea\" rows=\"6\" style=\"--forminator-textarea-min-height:140px;\" maxlength=\"180\" ><\/textarea><span id=\"forminator-field-textarea-1_69f0b9548e5bb-description\" class=\"forminator-description\"><span data-limit=\"180\" data-type=\"characters\" data-editor=\"\">0 \/ 180<\/span><\/span><\/div><\/div><\/div><div class=\"forminator-row\"><div id=\"textarea-2\" class=\"forminator-field-textarea forminator-col forminator-col-12 \"><div class=\"forminator-field\"><label for=\"forminator-field-textarea-2_69f0b9548e5bb\" id=\"forminator-field-textarea-2_69f0b9548e5bb-label\" class=\"forminator-label\">Ai certificari in domeniu? Daca da, care sunt acelea?<\/label><textarea name=\"textarea-2\" placeholder=\"\" id=\"forminator-field-textarea-2_69f0b9548e5bb\" class=\"forminator-textarea\" rows=\"6\" style=\"--forminator-textarea-min-height:140px;\" ><\/textarea><\/div><\/div><\/div><div class=\"forminator-row\"><div id=\"textarea-3\" class=\"forminator-field-textarea forminator-col forminator-col-12 \"><div class=\"forminator-field\"><label for=\"forminator-field-textarea-3_69f0b9548e5bb\" id=\"forminator-field-textarea-3_69f0b9548e5bb-label\" class=\"forminator-label\">Stapanesti un limbaj de programare? Daca da, care este acela si la ce nivel?<\/label><textarea name=\"textarea-3\" placeholder=\"\" id=\"forminator-field-textarea-3_69f0b9548e5bb\" class=\"forminator-textarea\" rows=\"6\" style=\"--forminator-textarea-min-height:140px;\" ><\/textarea><\/div><\/div><\/div><div class=\"forminator-row\"><div id=\"text-1\" class=\"forminator-field-text forminator-col forminator-col-6 \"><div class=\"forminator-field\"><label for=\"forminator-field-text-1_69f0b9548e5bb\" id=\"forminator-field-text-1_69f0b9548e5bb-label\" class=\"forminator-label\">Detii un cont de Google Developers? Daca da, poti atasa un link?<\/label><input type=\"text\" name=\"text-1\" value=\"\" placeholder=\"\" id=\"forminator-field-text-1_69f0b9548e5bb\" class=\"forminator-input forminator-name--field\" data-required=\"\" \/><\/div><\/div><div id=\"text-2\" class=\"forminator-field-text forminator-col forminator-col-6 \"><div class=\"forminator-field\"><label for=\"forminator-field-text-2_69f0b9548e5bb\" id=\"forminator-field-text-2_69f0b9548e5bb-label\" class=\"forminator-label\">Detii un cont de GitHub\/GitLab? Daca da, poti atasa un link?<\/label><input type=\"text\" name=\"text-2\" value=\"\" placeholder=\"\" id=\"forminator-field-text-2_69f0b9548e5bb\" class=\"forminator-input forminator-name--field\" data-required=\"\" \/><\/div><\/div><\/div><div class=\"forminator-row\"><div id=\"textarea-4\" class=\"forminator-field-textarea forminator-col forminator-col-12 \"><div class=\"forminator-field\"><label for=\"forminator-field-textarea-4_69f0b9548e5bb\" id=\"forminator-field-textarea-4_69f0b9548e5bb-label\" class=\"forminator-label\">Daca ai putea sa te descri in cateva cuvinte, cum te-ai descrie?<\/label><textarea name=\"textarea-4\" placeholder=\"\" id=\"forminator-field-textarea-4_69f0b9548e5bb\" class=\"forminator-textarea\" rows=\"6\" style=\"--forminator-textarea-min-height:140px;\" ><\/textarea><\/div><\/div><\/div><div class=\"forminator-row\"><div id=\"textarea-5\" class=\"forminator-field-textarea forminator-col forminator-col-12 \"><div class=\"forminator-field\"><label for=\"forminator-field-textarea-5_69f0b9548e5bb\" id=\"forminator-field-textarea-5_69f0b9548e5bb-label\" class=\"forminator-label\">Ai vreo curiozitate legata de job? Daca da, care este aceea?<\/label><textarea name=\"textarea-5\" placeholder=\"\" id=\"forminator-field-textarea-5_69f0b9548e5bb\" class=\"forminator-textarea\" rows=\"6\" style=\"--forminator-textarea-min-height:140px;\" ><\/textarea><\/div><\/div><\/div><div class=\"forminator-row\"><div id=\"upload-1\" class=\"forminator-field-upload forminator-col forminator-col-12 \"><div class=\"forminator-field\"><label for=\"forminator-field-upload-1_69f0b9548e5bb\" id=\"forminator-field-upload-1_69f0b9548e5bb-label\" class=\"forminator-label\">Fisiere aditionale<\/label><div class=\"forminator-multi-upload \" data-element=\"upload-1_69f0b9548e5bb\"><input type=\"file\" name=\"upload-1[]\" id=\"forminator-field-upload-1_69f0b9548e5bb\" class=\"forminator-input-file forminator-field-upload-1_69f0b9548e5bb-497\" multiple=\"multiple\" data-method=\"ajax\" data-size=\"8000000\" data-size-message=\"Maximum file size allowed is 8 MB. \"><div class=\"forminator-multi-upload-message\" aria-hidden=\"true\"><span class=\"forminator-icon-upload\" aria-hidden=\"true\"><\/span><p>Drag and Drop (or) <a class=\"forminator-upload-file--forminator-field-upload-1_69f0b9548e5bb\" href=\"#\" onclick=\"return false;\">Choose Files<\/a><\/p><\/div><\/div><ul class=\"forminator-uploaded-files upload-container-upload-1_69f0b9548e5bb\"><\/ul><\/div><\/div><\/div><div class=\"forminator-row\"><div id=\"consent-1\" class=\"forminator-field-consent forminator-col forminator-col-12 \"><div class=\"forminator-field\"><label for=\"forminator-field-consent-1_69f0b9548e5bb\" id=\"forminator-field-consent-1_69f0b9548e5bb-label\" class=\"forminator-label\">Acord prelucrare date <span class=\"forminator-required\">*<\/span><\/label><div class=\"forminator-checkbox__wrapper\"><label id=\"forminator-field-consent-1_69f0b9548e5bb__label\" class=\"forminator-checkbox forminator-consent\"><input type=\"checkbox\" name=\"consent-1\" id=\"forminator-field-consent-1_69f0b9548e5bb\" value=\"checked\" aria-labelledby=\"forminator-field-consent-1_69f0b9548e5bb-label\" aria-describedby=\"forminator-field-consent-1_69f0b9548e5bb__description\" data-required=\"true\" aria-required=\"true\" \/><span class=\"forminator-checkbox-box\" aria-hidden=\"true\"><\/span><\/label><div id=\"forminator-field-consent-1_69f0b9548e5bb__description\" class=\"forminator-checkbox__label forminator-consent__label\"><p>Sunt de acord ca datele introduse de mine sa fie prelucrate si stocate de catre <strong>TGS Software.<\/strong><\/p><\/div><\/div><\/div><\/div><\/div><input type=\"hidden\" name=\"referer_url\" value=\"\" \/><div class=\"forminator-row forminator-row-last\"><div class=\"forminator-col\"><div class=\"forminator-field\"><button class=\"forminator-button forminator-button-submit\">Trimite cererea<\/button><\/div><\/div><\/div><input type=\"hidden\" id=\"forminator_nonce\" name=\"forminator_nonce\" value=\"9559c9c5ee\" \/><input type=\"hidden\" name=\"_wp_http_referer\" value=\"\/index.php\/wp-json\/wp\/v2\/pages\/498\" \/><input type=\"hidden\" name=\"form_id\" value=\"497\"><input type=\"hidden\" name=\"page_id\" value=\"498\"><input type=\"hidden\" name=\"form_type\" value=\"default\"><input type=\"hidden\" name=\"current_url\" value=\"https:\/\/tgssoftware.ro\/index.php\/cariere\/\"><input type=\"hidden\" name=\"render_id\" value=\"0\"><input type=\"hidden\" name=\"forminator-multifile-hidden\" class=\"forminator-multifile-hidden\"><input type=\"hidden\" name=\"action\" value=\"forminator_submit_form_custom-forms\"><\/form><\/div>\n","protected":false},"excerpt":{"rendered":"<p>De peste 10 ani TGS Software este o companie specializata in dezvoltarea de aplicatii software si in furnizarea de servicii IT.In cadrul acesteia se regasesc specialisti cu o larga experienta, plini de entuziasm. Suntem intotdeauna bucurosi cand ni se alatura oameni cu experienta, indiferent de domeniu,deoarece apreciem aportul de valoare, expertiza \u0219i perspectivele noi. Cautam tineri ambitiosi. Cautam oameni pasionati. [&hellip;]<\/p>\n","protected":false},"author":1,"featured_media":0,"parent":0,"menu_order":0,"comment_status":"closed","ping_status":"closed","template":"","meta":{"footnotes":""},"class_list":["post-498","page","type-page","status-publish","hentry"],"_links":{"self":[{"href":"https:\/\/tgssoftware.ro\/index.php\/wp-json\/wp\/v2\/pages\/498","targetHints":{"allow":["GET"]}}],"collection":[{"href":"https:\/\/tgssoftware.ro\/index.php\/wp-json\/wp\/v2\/pages"}],"about":[{"href":"https:\/\/tgssoftware.ro\/index.php\/wp-json\/wp\/v2\/types\/page"}],"author":[{"embeddable":true,"href":"https:\/\/tgssoftware.ro\/index.php\/wp-json\/wp\/v2\/users\/1"}],"replies":[{"embeddable":true,"href":"https:\/\/tgssoftware.ro\/index.php\/wp-json\/wp\/v2\/comments?post=498"}],"version-history":[{"count":5,"href":"https:\/\/tgssoftware.ro\/index.php\/wp-json\/wp\/v2\/pages\/498\/revisions"}],"predecessor-version":[{"id":503,"href":"https:\/\/tgssoftware.ro\/index.php\/wp-json\/wp\/v2\/pages\/498\/revisions\/503"}],"wp:attachment":[{"href":"https:\/\/tgssoftware.ro\/index.php\/wp-json\/wp\/v2\/media?parent=498"}],"curies":[{"name":"wp","href":"https:\/\/api.w.org\/{rel}","templated":true}]}}