{"id":35,"date":"2020-12-12T12:58:46","date_gmt":"2020-12-12T12:58:46","guid":{"rendered":"http:\/\/localhost\/testsite\/?page_id=35"},"modified":"2025-05-12T10:56:16","modified_gmt":"2025-05-12T07:56:16","slug":"services","status":"publish","type":"page","link":"https:\/\/tgssoftware.ro\/index.php\/services\/","title":{"rendered":"Produse si Servicii"},"content":{"rendered":"\n<h2 class=\"wp-block-heading\">Care sunt produsele si serviciile pe care le oferim?<\/h2>\n\n\n\n<p>Produsele pe care TGS Software le ofera sunt:<\/p>\n\n\n\n<div class=\"wp-block-group alignwide\"><div class=\"wp-block-group__inner-container is-layout-flow wp-block-group-is-layout-flow\">\n<div class=\"wp-block-columns alignwide is-layout-flex wp-container-core-columns-is-layout-9d6595d7 wp-block-columns-is-layout-flex\">\n<div class=\"wp-block-column is-layout-flow wp-block-column-is-layout-flow\">\n<h2 class=\"wp-block-heading\">BI Pro <\/h2>\n\n\n\n<p>BI PRO este  o platforma specializata pentru institutii financiare, platforma ce acopera in mod integrat administrarea clientilor existenti si potentiali (CRM), administrarea produselor financiare (garantii, credite, factoring), facturare, raportarile catre autoritati ale statului roman si celelalte activitati specifice institutiilor financiare.<\/p>\n\n\n\n<div class=\"wp-block-buttons is-layout-flex wp-block-buttons-is-layout-flex\">\n<div class=\"wp-block-button is-style-outline is-style-outline--1\"><a class=\"wp-block-button__link has-white-color has-luminous-vivid-orange-background-color has-text-color has-background wp-element-button\" href=\"https:\/\/tgssoftware.ro\/index.php\/bi-pro\/\" style=\"border-radius:50px\"><strong>Afla mai mult<\/strong><\/a><\/div>\n<\/div>\n<\/div>\n\n\n\n<div class=\"wp-block-column is-layout-flow wp-block-column-is-layout-flow\">\n<h2 class=\"wp-block-heading\">CoopID<\/h2>\n\n\n\n<p>COOPID&nbsp;are ca scop crearea unui&nbsp;sistem colaborativ intre banci, comercianti si autoritatile publice, care sa ofere servicii noi utilizatorilor individuali (fie din postura de clienti ai magazinelor online, fie din postura de contribuabili la bugetele de stat si locale) si simplificarea accesarii platformelor online.<\/p>\n\n\n\n<div class=\"wp-block-buttons is-layout-flex wp-block-buttons-is-layout-flex\">\n<div class=\"wp-block-button is-style-outline is-style-outline--2\"><a class=\"wp-block-button__link has-white-color has-luminous-vivid-orange-background-color has-text-color has-background wp-element-button\" href=\"https:\/\/tgssoftware.ro\/index.php\/coopid-sistem-cooperativ-de-management-al-identitatii-digitale\/\" style=\"border-radius:50px\"><strong>Afla mai mult<\/strong><\/a><\/div>\n<\/div>\n<\/div>\n\n\n\n<div class=\"wp-block-column is-layout-flow wp-block-column-is-layout-flow\">\n<h2 class=\"wp-block-heading\">Leasing Financiar<\/h2>\n\n\n\n<p>Modulul de leasing financiar ofer\u0103 un nivel \u00eenalt de flexibilitate \u00een definirea \u0219i administrarea contractelor de leasing, adapt\u00e2ndu-se \u00een totalitate cerin\u021belor specifice ale institu\u021biei financiare. Sistemul permite configurarea detaliat\u0103 a termenilor contractuali, precum ratele lunare, dob\u00e2nzile \u0219i perioadele de leasing, asigur\u00e2nd astfel gestionarea eficient\u0103 a \u00eentregului ciclu de via\u021b\u0103 al contractului.<\/p>\n\n\n\n<div class=\"wp-block-buttons is-layout-flex wp-block-buttons-is-layout-flex\">\n<div class=\"wp-block-button is-style-outline is-style-outline--3\"><a class=\"wp-block-button__link has-white-color has-luminous-vivid-orange-background-color has-text-color has-background wp-element-button\" href=\"https:\/\/tgssoftware.ro\/index.php\/2025\/05\/08\/modulul-leasing\/\" style=\"border-radius:50px\"><strong>Afla mai mult<\/strong><\/a><\/div>\n<\/div>\n<\/div>\n<\/div>\n<\/div><\/div>\n\n\n\n<p><\/p>\n","protected":false},"excerpt":{"rendered":"<p>Care sunt produsele si serviciile pe care le oferim? Produsele pe care TGS Software le ofera sunt: BI Pro BI PRO este o platforma specializata pentru institutii financiare, platforma ce acopera in mod integrat administrarea clientilor existenti si potentiali (CRM), administrarea produselor financiare (garantii, credite, factoring), facturare, raportarile catre autoritati ale statului roman si celelalte activitati specifice institutiilor financiare. CoopID [&hellip;]<\/p>\n","protected":false},"author":2,"featured_media":0,"parent":0,"menu_order":0,"comment_status":"closed","ping_status":"closed","template":"","meta":{"footnotes":""},"class_list":["post-35","page","type-page","status-publish","hentry"],"_links":{"self":[{"href":"https:\/\/tgssoftware.ro\/index.php\/wp-json\/wp\/v2\/pages\/35","targetHints":{"allow":["GET"]}}],"collection":[{"href":"https:\/\/tgssoftware.ro\/index.php\/wp-json\/wp\/v2\/pages"}],"about":[{"href":"https:\/\/tgssoftware.ro\/index.php\/wp-json\/wp\/v2\/types\/page"}],"author":[{"embeddable":true,"href":"https:\/\/tgssoftware.ro\/index.php\/wp-json\/wp\/v2\/users\/2"}],"replies":[{"embeddable":true,"href":"https:\/\/tgssoftware.ro\/index.php\/wp-json\/wp\/v2\/comments?post=35"}],"version-history":[{"count":9,"href":"https:\/\/tgssoftware.ro\/index.php\/wp-json\/wp\/v2\/pages\/35\/revisions"}],"predecessor-version":[{"id":666,"href":"https:\/\/tgssoftware.ro\/index.php\/wp-json\/wp\/v2\/pages\/35\/revisions\/666"}],"wp:attachment":[{"href":"https:\/\/tgssoftware.ro\/index.php\/wp-json\/wp\/v2\/media?parent=35"}],"curies":[{"name":"wp","href":"https:\/\/api.w.org\/{rel}","templated":true}]}}